{"id":910,"date":"2013-01-30T16:09:45","date_gmt":"2013-01-30T15:09:45","guid":{"rendered":"http:\/\/www.ec-djk-aigen.de\/?page_id=910"},"modified":"2019-04-01T10:13:47","modified_gmt":"2019-04-01T08:13:47","slug":"2-mannschaft","status":"publish","type":"page","link":"https:\/\/www.ec-djk-aigen.de\/?page_id=910","title":{"rendered":"2. Mannschaft"},"content":{"rendered":"<p><img loading=\"lazy\" decoding=\"async\" class=\"size-medium wp-image-4306 alignleft\" src=\"https:\/\/www.ec-djk-aigen.de\/wp-content\/uploads\/2019\/02\/MannschaftII-300x225.jpg\" alt=\"\" width=\"300\" height=\"225\" srcset=\"https:\/\/www.ec-djk-aigen.de\/wp-content\/uploads\/2019\/02\/MannschaftII-300x225.jpg 300w, https:\/\/www.ec-djk-aigen.de\/wp-content\/uploads\/2019\/02\/MannschaftII-768x576.jpg 768w, https:\/\/www.ec-djk-aigen.de\/wp-content\/uploads\/2019\/02\/MannschaftII-500x375.jpg 500w\" sizes=\"auto, (max-width: 300px) 100vw, 300px\" \/><\/p>\n<p>&nbsp;<\/p>\n<p>v.l.:<\/p>\n<ul>\n<li><strong>J\u00fcrgen Wagner, <\/strong><\/li>\n<li><strong>G\u00fcnther Krennleitner<br \/>\n<\/strong><\/li>\n<li><strong>Alexander Hanusch<br \/>\n<\/strong><\/li>\n<li><strong>Rudi Schmidt<\/strong><\/li>\n<\/ul>\n<p>&nbsp;<\/p>\n<p>&nbsp;<\/p>\n<p>&nbsp;<\/p>\n<p><strong>Zum erweiterten Kreis geh\u00f6ren: Wolfgang Auer, Stefan Mayerhofer<\/strong><\/p>\n<p><strong>Liga auf Eis: <\/strong><\/p>\n<ul>\n<li><strong>15.01.2012 Aufstieg aus Oberliga Ost in Bayernliga Nord<\/strong><\/li>\n<li><strong>13.01.2013 Aufstieg aus Bayernliga Nord in\u00a0 die 2. BL<\/strong><\/li>\n<\/ul>\n<p><strong>Liga auf Sommerbahnen:<\/strong><\/p>\n<ul>\n<li><strong>17.03.2019 Aufstieg aus Bayernliga Nord in\u00a0 die 2. BL<\/strong><\/li>\n<\/ul>\n","protected":false},"excerpt":{"rendered":"<p>&nbsp; v.l.: J\u00fcrgen Wagner, G\u00fcnther Krennleitner Alexander Hanusch Rudi Schmidt &nbsp; &nbsp; &nbsp; Zum erweiterten Kreis geh\u00f6ren: Wolfgang Auer, Stefan Mayerhofer Liga auf Eis: 15.01.2012 Aufstieg aus Oberliga Ost in Bayernliga Nord 13.01.2013 Aufstieg aus Bayernliga Nord in\u00a0 die 2. [&hellip;] <a class=\"more-link\" href=\"https:\/\/www.ec-djk-aigen.de\/?page_id=910\">Kompletten Beitrag lesen&#8230;<\/a><\/p>\n","protected":false},"author":2,"featured_media":0,"parent":130,"menu_order":1,"comment_status":"closed","ping_status":"closed","template":"","meta":{"footnotes":""},"class_list":["post-910","page","type-page","status-publish","hentry","uentry","postonpage-1","odd","post-author-heinz"],"_links":{"self":[{"href":"https:\/\/www.ec-djk-aigen.de\/index.php?rest_route=\/wp\/v2\/pages\/910","targetHints":{"allow":["GET"]}}],"collection":[{"href":"https:\/\/www.ec-djk-aigen.de\/index.php?rest_route=\/wp\/v2\/pages"}],"about":[{"href":"https:\/\/www.ec-djk-aigen.de\/index.php?rest_route=\/wp\/v2\/types\/page"}],"author":[{"embeddable":true,"href":"https:\/\/www.ec-djk-aigen.de\/index.php?rest_route=\/wp\/v2\/users\/2"}],"replies":[{"embeddable":true,"href":"https:\/\/www.ec-djk-aigen.de\/index.php?rest_route=%2Fwp%2Fv2%2Fcomments&post=910"}],"version-history":[{"count":27,"href":"https:\/\/www.ec-djk-aigen.de\/index.php?rest_route=\/wp\/v2\/pages\/910\/revisions"}],"predecessor-version":[{"id":4348,"href":"https:\/\/www.ec-djk-aigen.de\/index.php?rest_route=\/wp\/v2\/pages\/910\/revisions\/4348"}],"up":[{"embeddable":true,"href":"https:\/\/www.ec-djk-aigen.de\/index.php?rest_route=\/wp\/v2\/pages\/130"}],"wp:attachment":[{"href":"https:\/\/www.ec-djk-aigen.de\/index.php?rest_route=%2Fwp%2Fv2%2Fmedia&parent=910"}],"curies":[{"name":"wp","href":"https:\/\/api.w.org\/{rel}","templated":true}]}}