{"id":605,"date":"2012-08-24T11:51:12","date_gmt":"2012-08-24T09:51:12","guid":{"rendered":"http:\/\/www.ec-djk-aigen.de\/?page_id=605"},"modified":"2022-06-28T17:00:14","modified_gmt":"2022-06-28T15:00:14","slug":"1-mannschaft","status":"publish","type":"page","link":"https:\/\/www.ec-djk-aigen.de\/?page_id=605","title":{"rendered":"1. Mannschaft"},"content":{"rendered":"<p><strong>Die Stammbesetzung (v.l.):\u00a0 <\/strong><\/p>\n<p><strong><img loading=\"lazy\" decoding=\"async\" class=\"size-medium wp-image-5270 alignleft\" src=\"https:\/\/www.ec-djk-aigen.de\/wp-content\/uploads\/2022\/06\/P1130787-2-300x254.jpg\" alt=\"\" width=\"300\" height=\"254\" srcset=\"https:\/\/www.ec-djk-aigen.de\/wp-content\/uploads\/2022\/06\/P1130787-2-300x254.jpg 300w, https:\/\/www.ec-djk-aigen.de\/wp-content\/uploads\/2022\/06\/P1130787-2-500x424.jpg 500w, https:\/\/www.ec-djk-aigen.de\/wp-content\/uploads\/2022\/06\/P1130787-2-768x651.jpg 768w, https:\/\/www.ec-djk-aigen.de\/wp-content\/uploads\/2022\/06\/P1130787-2-1536x1301.jpg 1536w, https:\/\/www.ec-djk-aigen.de\/wp-content\/uploads\/2022\/06\/P1130787-2.jpg 1957w\" sizes=\"auto, (max-width: 300px) 100vw, 300px\" \/><\/strong><\/p>\n<ul>\n<li><strong>Max Dachsberger<br \/>\n<\/strong><\/li>\n<li><strong>Albert Huber<br \/>\n<\/strong><\/li>\n<li><strong>Alex Madl <\/strong><\/li>\n<li><strong>Rudi Schmidt<br \/>\n<\/strong><\/li>\n<li><strong>Florian Brundobler<br \/>\n<\/strong><\/li>\n<\/ul>\n<p>&nbsp;<\/p>\n<p>Zum erweiterten Kreis geh\u00f6ren:<br \/>\n<strong>G\u00fcnther Krennleitner, Wolfgang Auer, J\u00fcrgen Wagner, Stefan Mayerhofer<br \/>\n<\/strong><\/p>\n<p>&nbsp;<\/p>\n<p>&nbsp;<\/p>\n<p><strong>Liga auf Eis:<\/strong> 1. Bundesliga S\u00fcd seit 2008<\/p>\n<p><strong>Gr\u00f6\u00dfte Erfolge:<\/strong><\/p>\n<ul>\n<li><strong>10. Platz bei DM 2011<\/strong><\/li>\n<li><strong>4. Platz bei DM 2012<\/strong><\/li>\n<li><span style=\"color: #ff0000;\"><strong>1. Platz in der Bundesliga S\u00fcd 2013<\/strong><\/span><\/li>\n<li><strong><span style=\"color: #ff0000;\">Deutscher Meister 2013<\/span>\u00a0 (Albert Huber, M. Dachsberger, Florian Brundobler, G\u00fcnther Krennleitner und Markus Urlhardt)<br \/>\n<\/strong><\/li>\n<\/ul>\n<p><strong>Liga auf Sommerbahnen:<\/strong> Bundesliga seit Bestehen der Liga 2009<\/p>\n<p><strong>Gr\u00f6\u00dfte Erfolge:<\/strong><\/p>\n<ul>\n<li><strong>2. Platz bei der DM 2009<\/strong><\/li>\n<li><strong><span style=\"color: #ff0000;\">Deutscher Meister 2010<\/span> (Florian Brundobler, Max Dachsberger, G\u00fcnther Krennleitner und J\u00fcrgen Wagner)<br \/>\n<\/strong><\/li>\n<li><span style=\"color: #ff0000;\"><strong>1. Platz beim Deutschland Pokal<\/strong> <strong>2011 <\/strong><\/span><\/li>\n<li><strong>3. Platz bei der DM 2011<br \/>\n<\/strong><\/li>\n<li><strong>3. Platz bei der DM 2017<\/strong><\/li>\n<\/ul>\n\r\n\t<div class=\"slideshow_container slideshow_container_style-light\" style=\" max-width: 500px;\" data-slideshow-id=\"1716\" data-style-name=\"style-light\" data-style-version=\"2.3.1\" >\r\n\r\n\t\t\t\t\t<div class=\"slideshow_loading_icon\"><\/div>\r\n\t\t\r\n\t\t<div class=\"slideshow_content\" style=\"display: none;\">\r\n\r\n\t\t\t<div class=\"slideshow_view\">\t<div style=\"clear: both;\"><\/div><\/div><div class=\"slideshow_view\">\t<div style=\"clear: both;\"><\/div><\/div><div class=\"slideshow_view\">\t<div style=\"clear: both;\"><\/div><\/div><div class=\"slideshow_view\">\t<div style=\"clear: both;\"><\/div><\/div>\r\n\t\t<\/div>\r\n\r\n\t\t<div class=\"slideshow_controlPanel slideshow_transparent\" style=\"display: none;\"><ul><li class=\"slideshow_togglePlay\" data-play-text=\"Abspielen\" data-pause-text=\"Pause\"><\/li><\/ul><\/div>\r\n\r\n\t\t<div class=\"slideshow_button slideshow_previous slideshow_transparent\" role=\"button\" data-previous-text=\"Zur\u00fcck\" style=\"display: none;\"><\/div>\r\n\t\t<div class=\"slideshow_button slideshow_next slideshow_transparent\" role=\"button\" data-next-text=\"N\u00e4chstes\" style=\"display: none;\"><\/div>\r\n\r\n\t\t<div class=\"slideshow_pagination\" style=\"display: none;\" data-go-to-text=\"Gehe zum Bild\"><div class=\"slideshow_pagination_center\"><\/div><\/div>\r\n\r\n\t\t<!-- WordPress Slideshow Version 2.3.1 -->\r\n\r\n\t\t\t<\/div>\r\n\r\n\n","protected":false},"excerpt":{"rendered":"<p>Die Stammbesetzung (v.l.):\u00a0 Max Dachsberger Albert Huber Alex Madl Rudi Schmidt Florian Brundobler &nbsp; Zum erweiterten Kreis geh\u00f6ren: G\u00fcnther Krennleitner, Wolfgang Auer, J\u00fcrgen Wagner, Stefan Mayerhofer &nbsp; &nbsp; Liga auf Eis: 1. Bundesliga S\u00fcd seit 2008 Gr\u00f6\u00dfte Erfolge: 10. Platz [&hellip;] <a class=\"more-link\" href=\"https:\/\/www.ec-djk-aigen.de\/?page_id=605\">Kompletten Beitrag lesen&#8230;<\/a><\/p>\n","protected":false},"author":2,"featured_media":0,"parent":130,"menu_order":0,"comment_status":"closed","ping_status":"closed","template":"","meta":{"footnotes":""},"class_list":["post-605","page","type-page","status-publish","hentry","uentry","postonpage-1","odd","post-author-heinz"],"_links":{"self":[{"href":"https:\/\/www.ec-djk-aigen.de\/index.php?rest_route=\/wp\/v2\/pages\/605","targetHints":{"allow":["GET"]}}],"collection":[{"href":"https:\/\/www.ec-djk-aigen.de\/index.php?rest_route=\/wp\/v2\/pages"}],"about":[{"href":"https:\/\/www.ec-djk-aigen.de\/index.php?rest_route=\/wp\/v2\/types\/page"}],"author":[{"embeddable":true,"href":"https:\/\/www.ec-djk-aigen.de\/index.php?rest_route=\/wp\/v2\/users\/2"}],"replies":[{"embeddable":true,"href":"https:\/\/www.ec-djk-aigen.de\/index.php?rest_route=%2Fwp%2Fv2%2Fcomments&post=605"}],"version-history":[{"count":51,"href":"https:\/\/www.ec-djk-aigen.de\/index.php?rest_route=\/wp\/v2\/pages\/605\/revisions"}],"predecessor-version":[{"id":5289,"href":"https:\/\/www.ec-djk-aigen.de\/index.php?rest_route=\/wp\/v2\/pages\/605\/revisions\/5289"}],"up":[{"embeddable":true,"href":"https:\/\/www.ec-djk-aigen.de\/index.php?rest_route=\/wp\/v2\/pages\/130"}],"wp:attachment":[{"href":"https:\/\/www.ec-djk-aigen.de\/index.php?rest_route=%2Fwp%2Fv2%2Fmedia&parent=605"}],"curies":[{"name":"wp","href":"https:\/\/api.w.org\/{rel}","templated":true}]}}