{"id":4084,"date":"2018-11-28T14:59:48","date_gmt":"2018-11-28T13:59:48","guid":{"rendered":"http:\/\/www.ec-djk-aigen.de\/?page_id=4084"},"modified":"2018-11-29T13:19:06","modified_gmt":"2018-11-29T12:19:06","slug":"datenschutz","status":"publish","type":"page","link":"https:\/\/www.ec-djk-aigen.de\/?page_id=4084","title":{"rendered":"Datenschutz"},"content":{"rendered":"<h1>Datenschutzerkl\u00e4rung<\/h1>\n<p>&nbsp;<\/p>\n<p style=\"padding-left: 30px;\"><em><strong>Der EC-DJK Aigen a. Inn e.V.<\/strong><\/em> nimmt als verantwortlicher Anbieter der WebSite &#8222;ec-djk-aigen.de&#8220; die Verpflichtung zum Datenschutz sehr ernst und gestaltet sie so, dass nur so wenige personenbezogene Daten wie n\u00f6tig erhoben, verarbeitet und genutzt werden. Unter keinen Umst\u00e4nden werden personenbezogene Daten zu Werbezwecken an Dritte vermietet oder verkauft. Auch werden ohne ausdr\u00fcckliche Einwilligung des Besuchers keine personenbezogene Daten f\u00fcr Werbe- oder Marketingzwecke genutzt.\u00a0 Zugriff auf personenbezogene Daten haben beim <em><strong>EC-DJK Aigen a. Inn e.V.<\/strong> <\/em>nur sol\u00adche Personen, die diese Daten zur Durchf\u00fchrung ihrer Aufgaben innerhalb der ver\u00adant\u00adwortlichen Stelle ben\u00f6tigen, die \u00fcber die gesetzlichen Bestimmungen zum Daten\u00adschutz informiert sind und sich gem\u00e4\u00df der geltenden gesetzlichen Bestimmungen (Art. 5 der EU-Datenschutzgrundverordnung (EU-DSGVO)) verpflichtet haben, diese einzuhalten. Die Erhebung, Verarbeitung, Nutzung und \u00dcbermittlung der erhobenen per\u00adsonenbezogenen Daten erfolgt, nach Art 6. Absatz 1 EU-DSGVO nur in dem Um\u00adfang, der f\u00fcr die Durchf\u00fchrung eines Vertragsverh\u00e4ltnisses zwischen <strong><em>EC-DJK Aigen a. Inn e.V. <\/em><\/strong>als verantwortlicher Stelle, und dem Besucher, als Betroffenem, erfor\u00adder\u00adlich ist.<\/p>\n<p><strong>Zweck\u00e4nderungen der Verarbeitung und Datennutzung<\/strong><\/p>\n<p style=\"padding-left: 30px;\">Da sich auf Grund des technischen Fortschritts und organisatorischer \u00c4nderungen der eingesetzten Verarbeitungsverfahren die Datennutzung \u00e4ndern bzw. weiterent\u00adwickeln kann, behalten wir uns vor, die vorliegende Datenschutzerkl\u00e4rung\u00a0 ent\u00adspre\u00adchend anzupassen. Wir bitten Sie deshalb, diese von Zeit zu Zeit zu \u00fcberpr\u00fcfen. Sollten Sie mit den im Verlaufe der Zeit evtl. auftretenden Weiterentwicklungen nicht einverstanden sein, so k\u00f6nnen Sie schriftlich, gem\u00e4\u00df Art 17 EU-DSGVO, eine L\u00f6\u00adschung der Daten verlangen, die nicht auf Grundlage anderer gesetzlicher Vorgaben (z.B. han\u00addelsrechtliche oder steuerrechtliche Aufbewahrungspflichten) gespeichert werden.<\/p>\n<p><strong>Anonyme Datenerhebung <\/strong><\/p>\n<p style=\"padding-left: 30px;\">Sie k\u00f6nnen die Webseite der verantwortlichen Stelle grunds\u00e4tzlich besuchen, ohne uns mitzuteilen, wer Sie sind. Wir erfahren nur den Namen Ihres Internet Service Pro\u00adviders, die Webseite, von der aus Sie uns besuchen, und die Webseiten, die Sie bei uns besuchen. Diese Informationen werden zu statistischen Zwecken aus\u00adge\u00adwertet. Sie bleiben als einzelner Nutzer hierbei anonym.<\/p>\n<p><strong>Erhebung und Verarbeitung personenbezogener Daten<\/strong><\/p>\n<p style=\"padding-left: 30px;\">Personenbezogene Daten werden nur erhoben, wenn Sie uns diese von sich aus mit\u00adteilen. Die Verarbeitung und Nutzung Ihrer personenbezogenen Daten erfolgt nach den Vorgaben der EU-DSGVO.<\/p>\n<p><strong>Nutzung und Weitergabe personenbezogener Daten<\/strong><\/p>\n<p style=\"padding-left: 30px;\">Die im Rahmen der Webseiten der verantwortlichen Stelle erhobenen personen\u00adbe\u00adzogenen Daten werden ohne Ihre Einwilligung nur zur Vertragsabwicklung und Be\u00adarbeitung Ihrer Anfragen genutzt. Dar\u00fcber hinaus erfolgt eine Nutzung Ihrer Daten f\u00fcr Zwecke der Werbung und Marktforschung der verantwortlichen Stelle nur, wenn Sie hierzu zuvor Ihre Einwilligung erteilt haben. Im \u00dcbrigen findet keine Weitergabe an sonstige Dritte statt. Ihre jeweilige Einwilligung k\u00f6nnen Sie selbstverst\u00e4ndlich jeder\u00adzeit mit Wirkung f\u00fcr die Zukunft widerrufen.<\/p>\n<p><strong>Externe Links<\/strong><\/p>\n<p style=\"padding-left: 30px;\">Zu Ihrer Information finden Sie auf unseren Seiten Links, die auf Seiten Dritter ver\u00adwei\u00adsen. Da der <strong><em>EC-DJK Aigen a. Inn e.V.<\/em><\/strong> keinerlei Einfluss auf den Inhalt und die Ge\u00ad\u00adstaltung der Seiten anderer Anbieter hat, gelten die Garantien dieser Daten\u00adschutzerkl\u00e4rung somit nicht f\u00fcr externe Anbieter.<\/p>\n<p><strong>Einsatz von Cookies <\/strong><\/p>\n<p style=\"padding-left: 30px;\">Die verwendete Programm &#8222;WordPress&#8220; verwendet sogenannte &#8222;Cookies&#8220;, um die Online-Erfahrung und Online-Zeit des Kunden individuell auszugestalten und zu optimieren. Ein Cookie ist eine Textdatei, die entweder tempor\u00e4r im Arbeitsspeicher des Computers abgelegt (&#8222;Sitzungscookie&#8220;) oder auf der Festplatte gespeichert wird (&#8222;permanenter&#8220; Cookie). Cookies enthalten z.B. Informationen \u00fcber die bisherigen Zugriffe des Nutzers auf den entsprechenden Server bzw. Informationen dar\u00fcber, welche Angebote bisher aufgerufen wurden. Cookies werden nicht dazu eingesetzt, um Programme auszuf\u00fchren oder Viren auf Ihren Computer zu laden. Hauptzweck von Cookies ist vielmehr, ein speziell auf den Kunden zugeschnittenes Angebot bereitzustellen und die Nutzung des Service so komfortabel wie m\u00f6glich zu gestalten.<\/p>\n<p style=\"padding-left: 30px;\"><strong>Sitzungscookies<\/strong><br \/>\nDie verantwortliche Stelle verwendet \u00fcberwiegend &#8222;Sitzungscookies&#8220;, die nicht auf der Festplatte des Kunden gespeichert werden und die mit Verlassen des Browsers gel\u00f6scht werden. Sitzungscookies werden hierbei zur Login-Authentifizierung und zum Load-Balancing (Ausgleich der System-Belastung) verwendet.<\/p>\n<p style=\"padding-left: 30px;\"><strong>Permanente Cookies<\/strong><br \/>\nDar\u00fcber hinaus verwendet die verantwortliche Stelle \u201epermanente Cookies\u201c, um die pers\u00f6nlichen Nutzungseinstellungen, die ein Kunde bei der Nutzung der Services der verantwortlichen Stelle eingibt, zu speichern und so eine Personalisierung und Verbesserung des Service vornehmen zu k\u00f6nnen. Durch die permanenten Cookies wird sichergestellt, dass der Kunde bei einem erneuten Besuch der Webseiten der verantwortlichen Stelle seine pers\u00f6nlichen Einstellungen wieder vorfindet Daneben verwenden die Dienstleister, die die verantwortliche Stelle mit der Analyse des Nutzerverhaltens beauftragt hat, permanente Cookies, um wiederkehrende Nutzer erkennen zu k\u00f6nnen. Diese Dienste speichern die vom Cookie \u00fcbermittelten Daten ausschlie\u00dflich anonym ab. Eine Zuordnung zur IP-Adresse des Kunden wird nicht vorgehalten.<\/p>\n<p style=\"padding-left: 30px;\"><strong>Vermeidung von Cookies<\/strong><br \/>\nDer Besucher hat jederzeit die M\u00f6glichkeit, das Setzen von Cookies abzulehnen. Dies geschieht in der Regel durch die Wahl der entsprechenden Option in den Einstellungen des Browsers oder durch zus\u00e4tzliche Programme. N\u00e4heres ist der Hilfe-Funktion des kundenseitig verwendeten Browsers zu entnehmen. Entscheidet sich der Kunde f\u00fcr die Ausschaltung von Cookies, kann dies den Leistungsumfang des Services mindern und sich bei der Nutzung der Dienste der verantwortlichen negativ bemerkbar machen.<\/p>\n<p><strong>Verwendung von Analyseprogrammen <\/strong><\/p>\n<p style=\"padding-left: 30px;\">Die verantwortliche Stelle f\u00fchrt keine Analysen \u00fcber das Verhalten seiner Kunden im Rahmen der Nutzung seines Service durch bzw. l\u00e4sst keine Analysen durchf\u00fchren.<\/p>\n<p><strong>Verwendung von Facebook Social Plugins <\/strong><\/p>\n<p style=\"padding-left: 30px;\">Der <strong><em>EC-DJK Aigen a. Inn e.V.<\/em><\/strong> verwendet auf seiner Website keine Social Plugins (&#8222;Plugins&#8220;) des sozialen Netzwerkes &#8222;Facebook&#8220;.<\/p>\n<p><strong>Verwendung von Twitter <\/strong><\/p>\n<p style=\"padding-left: 30px;\">Die verantwortliche Stelle verwendet auf ihrer Website keine Funktionen des Diens\u00adtes Twitter.<\/p>\n<p><strong>Weitere Informationen und Kontakte<\/strong><\/p>\n<p style=\"padding-left: 30px;\">Aufgrund der Gegebenheiten im Verein ist ein Datenschutzbeauftragter nicht notwen\u00addig und somit auch keiner ausgewiesen.<\/p>\n<p style=\"padding-left: 30px;\">Wenn Sie Fragen zum Thema \u201cDatenschutz\u201c des <strong><em>EC-DJK Aigen a. Inn e.V.<\/em><\/strong>\u00a0 haben, Ausk\u00fcnfte zu, L\u00f6schung oder Berichtigungen von Ihren Daten w\u00fcnschen, wenden Sie sich an die Vorstandschaft z.B. unter den angef\u00fchrten Kontakt- adressen (oder auch pers\u00f6nlich).<\/p>\n<p>e-mail-Adresse des Vereins: <a href=\"mailto:ecdjkaigen@gmx.de\">ecdjkaigen@gmx.de<\/a><\/p>\n<p>e-mail-Adresse WebSite:\u00a0\u00a0\u00a0\u00a0\u00a0 karl-heinz.prem@t-online.de<\/p>\n<p>Telefon 1. Vorsitzender:\u00a0\u00a0\u00a0\u00a0\u00a0\u00a0\u00a0 08573-91188<\/p>\n<p>Telefon Schriftf\u00fchrer:\u00a0\u00a0\u00a0\u00a0\u00a0\u00a0\u00a0\u00a0\u00a0\u00a0\u00a0 08537-260<\/p>\n<p>&nbsp;<\/p>\n","protected":false},"excerpt":{"rendered":"<p>Datenschutzerkl\u00e4rung &nbsp; Der EC-DJK Aigen a. Inn e.V. nimmt als verantwortlicher Anbieter der WebSite &#8222;ec-djk-aigen.de&#8220; die Verpflichtung zum Datenschutz sehr ernst und gestaltet sie so, dass nur so wenige personenbezogene Daten wie n\u00f6tig erhoben, verarbeitet und genutzt werden. Unter keinen [&hellip;] <a class=\"more-link\" href=\"https:\/\/www.ec-djk-aigen.de\/?page_id=4084\">Kompletten Beitrag lesen&#8230;<\/a><\/p>\n","protected":false},"author":2,"featured_media":0,"parent":0,"menu_order":10,"comment_status":"closed","ping_status":"closed","template":"","meta":{"footnotes":""},"class_list":["post-4084","page","type-page","status-publish","hentry","uentry","postonpage-1","odd","post-author-heinz"],"_links":{"self":[{"href":"https:\/\/www.ec-djk-aigen.de\/index.php?rest_route=\/wp\/v2\/pages\/4084","targetHints":{"allow":["GET"]}}],"collection":[{"href":"https:\/\/www.ec-djk-aigen.de\/index.php?rest_route=\/wp\/v2\/pages"}],"about":[{"href":"https:\/\/www.ec-djk-aigen.de\/index.php?rest_route=\/wp\/v2\/types\/page"}],"author":[{"embeddable":true,"href":"https:\/\/www.ec-djk-aigen.de\/index.php?rest_route=\/wp\/v2\/users\/2"}],"replies":[{"embeddable":true,"href":"https:\/\/www.ec-djk-aigen.de\/index.php?rest_route=%2Fwp%2Fv2%2Fcomments&post=4084"}],"version-history":[{"count":12,"href":"https:\/\/www.ec-djk-aigen.de\/index.php?rest_route=\/wp\/v2\/pages\/4084\/revisions"}],"predecessor-version":[{"id":4087,"href":"https:\/\/www.ec-djk-aigen.de\/index.php?rest_route=\/wp\/v2\/pages\/4084\/revisions\/4087"}],"wp:attachment":[{"href":"https:\/\/www.ec-djk-aigen.de\/index.php?rest_route=%2Fwp%2Fv2%2Fmedia&parent=4084"}],"curies":[{"name":"wp","href":"https:\/\/api.w.org\/{rel}","templated":true}]}}