{"id":156,"date":"2012-07-15T17:05:35","date_gmt":"2012-07-15T15:05:35","guid":{"rendered":"http:\/\/www.ec-djk-aigen.de\/?page_id=156"},"modified":"2013-06-25T10:35:06","modified_gmt":"2013-06-25T08:35:06","slug":"sonnwendfeuer","status":"publish","type":"page","link":"https:\/\/www.ec-djk-aigen.de\/?page_id=156","title":{"rendered":"Sonnwendfeuer"},"content":{"rendered":"<h4>Jedes Jahr im Juni f\u00fchren wir seit unserem Bestehen eine Sonnwendfeier durch. H\u00e4ufig hat unser Fest schon durch Regen gelitten. Durch die Benutzung der Halle k\u00f6nnen wir nat\u00fcrlich auch bei Regen feiern, aber im Freien ist es doppelt so sch\u00f6n und es kommen eben auch mehr G\u00e4ste, was wiederum unserer Vereinskasse gut tut. Auf den Unterseiten sind von der <em>Vorbereitung<\/em>, vom<em> Fest<\/em> <em>selber<\/em> und von den <strong><em>Aufr\u00e4umarbeiten<\/em><\/strong> jeweils einige Bilder zu sehen.<\/h4>\n<h4><\/h4>\n","protected":false},"excerpt":{"rendered":"<p>Jedes Jahr im Juni f\u00fchren wir seit unserem Bestehen eine Sonnwendfeier durch. H\u00e4ufig hat unser Fest schon durch Regen gelitten. Durch die Benutzung der Halle k\u00f6nnen wir nat\u00fcrlich auch bei Regen feiern, aber im Freien ist es doppelt so sch\u00f6n [&hellip;] <a class=\"more-link\" href=\"https:\/\/www.ec-djk-aigen.de\/?page_id=156\">Kompletten Beitrag lesen&#8230;<\/a><\/p>\n","protected":false},"author":2,"featured_media":0,"parent":132,"menu_order":2,"comment_status":"closed","ping_status":"closed","template":"","meta":{"footnotes":""},"class_list":["post-156","page","type-page","status-publish","hentry","uentry","postonpage-1","odd","post-author-heinz"],"_links":{"self":[{"href":"https:\/\/www.ec-djk-aigen.de\/index.php?rest_route=\/wp\/v2\/pages\/156","targetHints":{"allow":["GET"]}}],"collection":[{"href":"https:\/\/www.ec-djk-aigen.de\/index.php?rest_route=\/wp\/v2\/pages"}],"about":[{"href":"https:\/\/www.ec-djk-aigen.de\/index.php?rest_route=\/wp\/v2\/types\/page"}],"author":[{"embeddable":true,"href":"https:\/\/www.ec-djk-aigen.de\/index.php?rest_route=\/wp\/v2\/users\/2"}],"replies":[{"embeddable":true,"href":"https:\/\/www.ec-djk-aigen.de\/index.php?rest_route=%2Fwp%2Fv2%2Fcomments&post=156"}],"version-history":[{"count":15,"href":"https:\/\/www.ec-djk-aigen.de\/index.php?rest_route=\/wp\/v2\/pages\/156\/revisions"}],"predecessor-version":[{"id":2056,"href":"https:\/\/www.ec-djk-aigen.de\/index.php?rest_route=\/wp\/v2\/pages\/156\/revisions\/2056"}],"up":[{"embeddable":true,"href":"https:\/\/www.ec-djk-aigen.de\/index.php?rest_route=\/wp\/v2\/pages\/132"}],"wp:attachment":[{"href":"https:\/\/www.ec-djk-aigen.de\/index.php?rest_route=%2Fwp%2Fv2%2Fmedia&parent=156"}],"curies":[{"name":"wp","href":"https:\/\/api.w.org\/{rel}","templated":true}]}}