{"id":152,"date":"2012-07-15T17:03:59","date_gmt":"2012-07-15T15:03:59","guid":{"rendered":"http:\/\/www.ec-djk-aigen.de\/?page_id=152"},"modified":"2013-01-31T16:37:18","modified_gmt":"2013-01-31T15:37:18","slug":"training","status":"publish","type":"page","link":"https:\/\/www.ec-djk-aigen.de\/?page_id=152","title":{"rendered":"Training"},"content":{"rendered":"<p><strong>Jeden Donnerstag ab 19.00 Uhr traditionelles<\/strong> <strong>Training f\u00fcr alle Vereinsmitglieder<\/strong><strong> vom Hobby-Sch\u00fctzen bis zum Bundesligisten.<\/strong><\/p>\n<p><strong> Auch Gastsch\u00fctzen sind hierzu herzlich willkommen! <\/strong><\/p>\n","protected":false},"excerpt":{"rendered":"<p>Jeden Donnerstag ab 19.00 Uhr traditionelles Training f\u00fcr alle Vereinsmitglieder vom Hobby-Sch\u00fctzen bis zum Bundesligisten. Auch Gastsch\u00fctzen sind hierzu herzlich willkommen!<\/p>\n","protected":false},"author":2,"featured_media":0,"parent":132,"menu_order":0,"comment_status":"closed","ping_status":"closed","template":"onecolumn-page.php","meta":{"footnotes":""},"class_list":["post-152","page","type-page","status-publish","hentry","uentry","postonpage-1","odd","post-author-heinz"],"_links":{"self":[{"href":"https:\/\/www.ec-djk-aigen.de\/index.php?rest_route=\/wp\/v2\/pages\/152","targetHints":{"allow":["GET"]}}],"collection":[{"href":"https:\/\/www.ec-djk-aigen.de\/index.php?rest_route=\/wp\/v2\/pages"}],"about":[{"href":"https:\/\/www.ec-djk-aigen.de\/index.php?rest_route=\/wp\/v2\/types\/page"}],"author":[{"embeddable":true,"href":"https:\/\/www.ec-djk-aigen.de\/index.php?rest_route=\/wp\/v2\/users\/2"}],"replies":[{"embeddable":true,"href":"https:\/\/www.ec-djk-aigen.de\/index.php?rest_route=%2Fwp%2Fv2%2Fcomments&post=152"}],"version-history":[{"count":15,"href":"https:\/\/www.ec-djk-aigen.de\/index.php?rest_route=\/wp\/v2\/pages\/152\/revisions"}],"predecessor-version":[{"id":1113,"href":"https:\/\/www.ec-djk-aigen.de\/index.php?rest_route=\/wp\/v2\/pages\/152\/revisions\/1113"}],"up":[{"embeddable":true,"href":"https:\/\/www.ec-djk-aigen.de\/index.php?rest_route=\/wp\/v2\/pages\/132"}],"wp:attachment":[{"href":"https:\/\/www.ec-djk-aigen.de\/index.php?rest_route=%2Fwp%2Fv2%2Fmedia&parent=152"}],"curies":[{"name":"wp","href":"https:\/\/api.w.org\/{rel}","templated":true}]}}